{"id":97,"date":"2017-01-28T22:31:36","date_gmt":"2017-01-28T22:31:36","guid":{"rendered":"https:\/\/adrien-v.pul-lup.fr\/wpav\/?page_id=97"},"modified":"2020-06-29T11:37:30","modified_gmt":"2020-06-29T11:37:30","slug":"musique","status":"publish","type":"page","link":"https:\/\/adrien-v.com\/?page_id=97&lang=fr","title":{"rendered":"Musique"},"content":{"rendered":"<blockquote><p>De la musique avant toute chose. (<a target=\"_blank\" href=\"https:\/\/fr.wikipedia.org\/wiki\/Paul_Verlaine\">Paul Verlaine<\/a>, <em>Art po\u00e9tique)<\/em><\/p><\/blockquote>\n<p><img loading=\"lazy\" decoding=\"async\" class=\"img-responsive aligncenter wp-image-350\" src=\"wp-content\/uploads\/music-159868_960_720-1.png\" width=\"200\" height=\"170\" \/><\/p>\n<ul>\n<li>Cr\u00e9ateur et d\u00e9veloppeur de <a href=\"https:\/\/pul-lup.com\/\">pul-lup.com<\/a> (<a title=\"Pul-luP, l\u2019histoire\" href=\"?page_id=78&amp;lang=fr\">voir l&#8217;historique<\/a>)<\/li>\n<li>Contributeur de <a href=\"https:\/\/pul-lup.com\/index.php?a=10&amp;sa=1\">certains mixes<\/a> du corpus de pul-lup \u00e0 divers niveaux\n<ul>\n<li>ing\u00e9nieur son (enregistrement live, mastering&#8230;).<\/li>\n<li>selecta et\/ou dj (num\u00e9rique)<\/li>\n<\/ul>\n<\/li>\n<li>10 ans de piano, 4 de batterie, des notions de guitare, basse, saxophone, clarinette, djembe.<\/li>\n<li>Mixes live r\u00e9guliers pendant 2 ans (reggae et jazz essentiellement)<\/li>\n<li>Scripts de design de play-lists<\/li>\n<li>Analyse d&#8217;audience<\/li>\n<li>Quelques compositions et interpr\u00e9tations<\/li>\n<\/ul>\n","protected":false},"excerpt":{"rendered":"<p>De la musique avant toute chose. (Paul Verlaine, Art po\u00e9tique) Cr\u00e9ateur et d\u00e9veloppeur de pul-lup.com (voir l&#8217;historique) Contributeur de certains mixes du corpus de pul-lup \u00e0 divers niveaux ing\u00e9nieur son (enregistrement live, mastering&#8230;). selecta et\/ou dj (num\u00e9rique) 10 ans de piano, 4 de batterie, des notions de guitare, basse, saxophone, clarinette, djembe. Mixes live r\u00e9guliers<\/p>\n<div class=\"read-more\"><a href=\"https:\/\/adrien-v.com\/?page_id=97&#038;lang=fr\" title=\"Read More\">Read More<\/a><\/div>\n","protected":false},"author":1,"featured_media":0,"parent":0,"menu_order":0,"comment_status":"open","ping_status":"open","template":"","meta":{"footnotes":""},"class_list":["post-97","page","type-page","status-publish"],"_links":{"self":[{"href":"https:\/\/adrien-v.com\/index.php?rest_route=\/wp\/v2\/pages\/97"}],"collection":[{"href":"https:\/\/adrien-v.com\/index.php?rest_route=\/wp\/v2\/pages"}],"about":[{"href":"https:\/\/adrien-v.com\/index.php?rest_route=\/wp\/v2\/types\/page"}],"author":[{"embeddable":true,"href":"https:\/\/adrien-v.com\/index.php?rest_route=\/wp\/v2\/users\/1"}],"replies":[{"embeddable":true,"href":"https:\/\/adrien-v.com\/index.php?rest_route=%2Fwp%2Fv2%2Fcomments&post=97"}],"version-history":[{"count":7,"href":"https:\/\/adrien-v.com\/index.php?rest_route=\/wp\/v2\/pages\/97\/revisions"}],"predecessor-version":[{"id":470,"href":"https:\/\/adrien-v.com\/index.php?rest_route=\/wp\/v2\/pages\/97\/revisions\/470"}],"wp:attachment":[{"href":"https:\/\/adrien-v.com\/index.php?rest_route=%2Fwp%2Fv2%2Fmedia&parent=97"}],"curies":[{"name":"wp","href":"https:\/\/api.w.org\/{rel}","templated":true}]}}