{"id":8,"date":"2015-04-10T12:24:08","date_gmt":"2015-04-10T12:24:08","guid":{"rendered":"https:\/\/adrien-v.pul-lup.fr\/wpav\/?page_id=8"},"modified":"2024-09-09T13:24:07","modified_gmt":"2024-09-09T13:24:07","slug":"experience-2","status":"publish","type":"page","link":"https:\/\/adrien-v.com\/?page_id=8&lang=fr","title":{"rendered":"Exp\u00e9rience Professionnelle"},"content":{"rendered":"<p><img loading=\"lazy\" decoding=\"async\" class=\"aligncenter wp-image-334\" src=\"wp-content\/uploads\/cv-1.jpg\" width=\"200\" height=\"150\" \/><\/p>\n<h2>Freelance<\/h2>\n<p>2023-2024<\/p>\n<ul>\n<li>D\u00e9veloppement Full stack (Synfony, Typescript, React, Next, Strapi&#8230;)<\/li>\n<li>D\u00e9veloppement Web3 (Solidity, NFT collections, DOA&#8230;)<\/li>\n<li>Projets Musique (Metadonn\u00e9es, Players \u00e9volu\u00e9s)<\/li>\n<li>Projets &#8220;Green tech&#8221; (estimation de s\u00e9questration de carbone, tokenisation de centrales solaires)<\/li>\n<\/ul>\n<h2>Recherche et Valorisation de la Recherche<\/h2>\n<p>2023-2024<\/p>\n<ul>\n<li>Consultant Recherche et Innovation chez <a href=\"https:\/\/sedona.fr\/\">Sedona<\/a>.<\/li>\n<li>Data Science (Python, R, Machine Learning&#8230;)<\/li>\n<li>Intelligence Artificielle (r\u00e9sum\u00e9 multim\u00e9dia, LLM, Bert&#8230;)<\/li>\n<\/ul>\n<h2>Lead d\u00e9veloppeur<\/h2>\n<h3>Chez <a href=\"https:\/\/www.smiirl.com\/\" target=\"_blank\">Smiirl<\/a><\/h3>\n<p>2018 &#8211; 2023<\/p>\n<ul>\n<li>Recrutement et mont\u00e9e en comp\u00e9tence des recrues<\/li>\n<li>D\u00e9veloppement Backend\/Api (Synfony\/Node.js&#8230;.)<\/li>\n<li>Relecture de code (react, twig, Php7&#8230;)<\/li>\n<li>Scrumaster<\/li>\n<\/ul>\n<h3>Chez <a href=\"https:\/\/www.extracadabra.com\/\" target=\"_blank\">Extracadabra<\/a><\/h3>\n<p>2017-2018<\/p>\n<ul>\n<li>Cr\u00e9ation d&#8217;un syst\u00e8me d&#8217;enregistrement scalable des \u00e9v\u00e8nements de leurs apps.<\/li>\n<li>Synfony, Angular, Sql, MongoDB, Rabbit-MQ, AWS<\/li>\n<\/ul>\n<h2>Ing\u00e9nieur de Recherche<\/h2>\n<h3>Chez <a href=\"https:\/\/www.fnac.com\/e291497\/Ligaran\" target=\"_blank\">Ligaran<\/a><\/h3>\n<p>Juin 2009 \u2013 Octobre 2016<\/p>\n<ul>\n<li>Co-fondateur<\/li>\n<li>Cr\u00e9ateur de notre moteur de composition multi-formats<\/li>\n<li>Fournisseur de services en ligne (mod\u00e9lisation, architecture, services web &#8230;)<\/li>\n<li>Artiste de la manipulation Xml<\/li>\n<\/ul>\n<h3>Chez <a href=\"http:\/\/french-leader.com\/report.php?siret=35361439900056\">Manasta<\/a><\/h3>\n<p>D\u00e9cembre 2008 \u2013 Juin 2009<\/p>\n<h3>A l&#8217;<a href=\"http:\/\/www.u-psud.fr\">Universit\u00e9 Paris Sud<\/a><\/h3>\n<p>Octobre 2008 \u2013 Novembre 2008<\/p>\n<h2>Attach\u00e9 Temporaire d&#8217;Enseignement et de Recherche<\/h2>\n<h3>A l&#8217;<a href=\"http:\/\/www.u-psud.fr\">Universit\u00e9 Paris Sud<\/a><\/h3>\n<p>Septembre 2007 \u2013 Septembre 2008<\/p>\n<h2>Enseignant<\/h2>\n<p>Divers postes, essentiellement de 2005 \u00e0 2009 : <a title=\"Enseignement\" href=\"?page_id=49&amp;lang=fr\">voir le d\u00e9tail<\/a>.<\/p>\n","protected":false},"excerpt":{"rendered":"<p>Freelance 2023-2024 D\u00e9veloppement Full stack (Synfony, Typescript, React, Next, Strapi&#8230;) D\u00e9veloppement Web3 (Solidity, NFT collections, DOA&#8230;) Projets Musique (Metadonn\u00e9es, Players \u00e9volu\u00e9s) Projets &#8220;Green tech&#8221; (estimation de s\u00e9questration de carbone, tokenisation de centrales solaires) Recherche et Valorisation de la Recherche 2023-2024 Consultant Recherche et Innovation chez Sedona. Data Science (Python, R, Machine Learning&#8230;) Intelligence Artificielle (r\u00e9sum\u00e9<\/p>\n<div class=\"read-more\"><a href=\"https:\/\/adrien-v.com\/?page_id=8&#038;lang=fr\" title=\"Read More\">Read More<\/a><\/div>\n","protected":false},"author":1,"featured_media":0,"parent":0,"menu_order":0,"comment_status":"open","ping_status":"open","template":"","meta":{"footnotes":""},"class_list":["post-8","page","type-page","status-publish"],"_links":{"self":[{"href":"https:\/\/adrien-v.com\/index.php?rest_route=\/wp\/v2\/pages\/8"}],"collection":[{"href":"https:\/\/adrien-v.com\/index.php?rest_route=\/wp\/v2\/pages"}],"about":[{"href":"https:\/\/adrien-v.com\/index.php?rest_route=\/wp\/v2\/types\/page"}],"author":[{"embeddable":true,"href":"https:\/\/adrien-v.com\/index.php?rest_route=\/wp\/v2\/users\/1"}],"replies":[{"embeddable":true,"href":"https:\/\/adrien-v.com\/index.php?rest_route=%2Fwp%2Fv2%2Fcomments&post=8"}],"version-history":[{"count":23,"href":"https:\/\/adrien-v.com\/index.php?rest_route=\/wp\/v2\/pages\/8\/revisions"}],"predecessor-version":[{"id":552,"href":"https:\/\/adrien-v.com\/index.php?rest_route=\/wp\/v2\/pages\/8\/revisions\/552"}],"wp:attachment":[{"href":"https:\/\/adrien-v.com\/index.php?rest_route=%2Fwp%2Fv2%2Fmedia&parent=8"}],"curies":[{"name":"wp","href":"https:\/\/api.w.org\/{rel}","templated":true}]}}