{"id":60,"date":"2015-04-11T02:52:21","date_gmt":"2015-04-11T02:52:21","guid":{"rendered":"https:\/\/adrien-v.pul-lup.fr\/wpav\/?page_id=60"},"modified":"2020-06-29T11:43:39","modified_gmt":"2020-06-29T11:43:39","slug":"publications-et-presentations","status":"publish","type":"page","link":"https:\/\/adrien-v.com\/?page_id=60&lang=fr","title":{"rendered":"Publications et Pr\u00e9sentations"},"content":{"rendered":"<p><img loading=\"lazy\" decoding=\"async\" class=\"aligncenter wp-image-346\" src=\"wp-content\/uploads\/livre-1.jpg\" width=\"300\" height=\"200\" \/><\/p>\n<p><a href=\"http:\/\/dblp.uni-trier.de\/pers\/hd\/v\/Vieilleribi=egrave=re:Adrien\">Adrien Vieilleribi\u00e8re sur dblp<\/a><\/p>\n<h2>Journaux<\/h2>\n<p><strong>Approximate consistency for transformations on words and trees<\/strong>, avec Michel de Rougemont, Theoretical Computer Science, 2016 [<a href=\"http:\/\/www.sciencedirect.com\/science\/article\/pii\/S0304397516000566\" target=\"_blank\">editeur<\/a>, <a href=\"wp-admin\/wp-content\/docs\/research\/journals\/AdrienVieilleribere_MichelDeRougemont_TCS20016.bib\">bibtex<\/a>]<\/p>\n<p><strong>The directed Switching Game on Lawrence Oriented Matroids<\/strong>, avec David Forge, <em>European Journal of Combinatorics<\/em>, 2009. [<a href=\"wp-content\/docs\/research\/journals\/AdrienVieilleribere_DavidForge_EuroComb2009.pdf\">article<\/a>, <a href=\"http:\/\/www.sciencedirect.com\/science\/article\/pii\/S0195669808002710\">\u00e9diteur<\/a>, <a href=\"wp-content\/docs\/research\/journals\/AdrienVieilleribere_DavidForge_EuroComb2009.bib\">bibtex<\/a>]<\/p>\n<p><strong>Approximate Schemas, Source-Consistency and Query Answering,<\/strong> avec Michel de Rougemont. <em>Journal of Intelligent Information Systems<\/em>, 2008. [<a href=\"wp-content\/docs\/research\/journals\/av_mdr_JIIS_2008.pdf\">article<\/a>, <a href=\"http:\/\/link.springer.com\/article\/10.1007%2Fs10844-008-0060-9\">\u00e9diteur<\/a>, <a href=\"wp-content\/docs\/research\/journals\/av_mdr_JIIS_2008.bib\">bibtex<\/a>]<\/p>\n<p>&nbsp;<\/p>\n<h2>Conf\u00e9rences<\/h2>\n<p><strong>Improving time travel experience by combining annotations<\/strong>, Web Audio Conferebce 2016, [<a href=\"wp-content\/docs\/research\/conferences\/AdrienVieilleribiere_WAC_2016.pdf\">article<\/a>, <a href=\"wp-content\/docs\/research\/conferences\/AdrienVieilleribiere_CATTE_WAC2016_poster.pdf\">poster<\/a>, <a href=\"https:\/\/smartech.gatech.edu\/handle\/1853\/54578\">\u00e9diteur<\/a>, <a href=\"wp-content\/docs\/research\/conferences\/AdrienVieilleribere_WAC_2016.bib\">bibtex<\/a>]<\/p>\n<p><strong>Approximate Structural Consistency<\/strong> avec Michel de Rougemont, SOFSEM 2010, p. 685-696. [<a href=\"wp-content\/docs\/research\/conferences\/AdrienVieilleribiere_MdR_SOFSEM_2010.pdf\">article<\/a>, <a href=\"wp-content\/docs\/research\/conferences\/AdrienVieilleribiere_move_2010.pdf\">pr\u00e9sentation<\/a>, <a href=\"http:\/\/link.springer.com\/chapter\/10.1007%2F978-3-642-11266-9_57\">\u00e9diteur<\/a>, <a href=\"wp-content\/docs\/research\/conferences\/AdrienVieilleribiere_MdR_SOFSEM_2010.bib\">bibtex<\/a>]<\/p>\n<p><strong>\u00c9quivalence Approch\u00e9e de Transducteurs,<\/strong> <em>CMF (Complexit\u00e9 et Mod\u00e8les Finis)<\/em>, 2007.[<a href=\"wp-content\/docs\/research\/conferences\/AdrienVieilleribiere_CMF_2007.pdf\">pr\u00e9sentation<\/a>]<\/p>\n<p><strong>Approximate Data Exchange<\/strong>, avec Michel de Rougemont, <em>International Conference on Database Theory<\/em>, 2007. [<a href=\"wp-content\/docs\/research\/conferences\/AdrienVieilleribiere_MdR_ICDT_2007.pdf\">article<\/a>, <a href=\"wp-content\/docs\/research\/conferences\/AdrienVieilleribiere_MdR_ICDT_2007_slides.pdf\">pr\u00e9sentation<\/a>, <a href=\"http:\/\/link.springer.com\/chapter\/10.1007%2F11965893_4\">\u00e9diteur<\/a>, <a href=\"wp-content\/docs\/research\/conferences\/AdrienVieilleribiere_MdR_ICDT_2007.bib\">bibtex<\/a>]<\/p>\n<p><strong>Approximate schemas and Query Answering<\/strong>, avec Michel de Rougemont, <em>Information Search, Integration and Personalization<\/em>, 2005.<\/p>\n<p><strong>Some Properties of Directed Switching Games on Oriented Matroids<\/strong>, avec David Forge, <em>Combinatorial Geometries and Applications : Oriented Matroids and Matroids<\/em>, 2005. [<a href=\"wp-content\/docs\/research\/conferences\/AdrienVieilleribiere_DavidForge_OOMM_2005_slides.pdf\">pr\u00e9sentation<\/a>]<\/p>\n<p>&nbsp;<\/p>\n<h2>Projets de recherche<\/h2>\n<p><strong>DoCoVi<\/strong> : Document Composition through Visual Interaction : r\u00e9ponse \u00e0 l\u2019appel d\u2019offre ANR <em>CONTINT 2011.<br \/>\n<\/em><\/p>\n<p><strong>CIPE<\/strong> : Composition, Indexation, et Personnalisation d\u2019Ebook : r\u00e9ponse \u00e0 l\u2019appel d\u2019offre <em>Digiteo-Ile-de-France 2010.<\/em><\/p>\n<p><strong>VERAP<\/strong> : V\u00e9Rification Approch\u00e9e de syst\u00e8mes Probabilistes : <em>ACI &#8220;s\u00e9curit\u00e9 et informatique&#8221; <\/em>2006-2008<\/p>\n<p><strong>VISIR<\/strong> : VISual InteRaction : Projet <em>Digiteo <\/em>2008 [<a href=\"wp-content\/docs\/research\/conferences\/VISIR_Digiteo_Annual_Forum_2008_Poster.pdf\">poster<\/a>]<\/p>\n<p>&nbsp;<\/p>\n<h2>Groupes de travail<\/h2>\n<p><strong>From Approximate membership To Data Integration<\/strong>, MOVE 2010. [<a href=\"wp-content\/docs\/research\/conferences\/AdrienVieilleribiere_move_2010.pdf\">pr\u00e9sentation<\/a>]<\/p>\n<p><strong>Approximate Tree Transducers<\/strong>, On Verification of Web Services (VerAp) 2008.<\/p>\n<p>&nbsp;<\/p>\n<h2>Rapports<\/h2>\n<p><strong>Th\u00e8se de doctorat<\/strong> : Transformations de Mots, d\u2019Arbres et de Statistiques [<a href=\"wp-content\/docs\/research\/phd\/adrien_vieilleribiere_these.pdf\">Manuscript<\/a>,<a href=\"wp-content\/docs\/research\/phd\/Adrien_Vieilleribiere__Soutenance_de_these.pptx\">pr\u00e9sentation<\/a>]<\/p>\n<p><strong>Jeux s\u00e9mantiques et v\u00e9rification<\/strong>, \u00e9cole d&#8217;informatique th\u00e9orique, 2006.<\/p>\n<p><strong>Complexit\u00e9 Algorithmique<\/strong>, \u00e9cole d&#8217;informatique th\u00e9orique, 2005.<\/p>\n<p><strong>Complexit\u00e9 et th\u00e9orie de jeux<\/strong>, Stage de recherche au Laboratoire de Recherche en Informatique dans l&#8217;\u00e9quipe Algorithmique et Complexit\u00e9, sous la direction de Michel de Rougemont, 2004. [<a href=\"wp-content\/docs\/research\/technical_reports\/AdrienVieilleribiere_ComplexiteEtTheorieDesJeux_2004.pdf\">Manuscript<\/a>]<\/p>\n<p><strong>Algorithmique des matro\u00efdes<\/strong>, : Stage de recherche au L.R.I. dans l&#8217;\u00e9quipe Graphcom, supervis\u00e9 par David Forge, 2003.<\/p>\n<p><strong>\u00c9tude du polyn\u00f4me chromatique<\/strong>, Stage de recherche dans l&#8217;\u00e9quipe Graphcom du L.R.I,  sous la direction de Pascal Berthom\u00e9, 2002.<\/p>\n<p><strong>D\u00e9nombrement<\/strong> de motifs et probabilit\u00e9s de r\u00e9p\u00e9tition :  stage de magist\u00e8re de math\u00e9matiques, 2002.<\/p>\n<p>&nbsp;<\/p>\n","protected":false},"excerpt":{"rendered":"<p>Adrien Vieilleribi\u00e8re sur dblp Journaux Approximate consistency for transformations on words and trees, avec Michel de Rougemont, Theoretical Computer Science, 2016 [editeur, bibtex] The directed Switching Game on Lawrence Oriented Matroids, avec David Forge, European Journal of Combinatorics, 2009. [article, \u00e9diteur, bibtex] Approximate Schemas, Source-Consistency and Query Answering, avec Michel de Rougemont. Journal of Intelligent<\/p>\n<div class=\"read-more\"><a href=\"https:\/\/adrien-v.com\/?page_id=60&#038;lang=fr\" title=\"Read More\">Read More<\/a><\/div>\n","protected":false},"author":1,"featured_media":0,"parent":0,"menu_order":0,"comment_status":"open","ping_status":"open","template":"","meta":{"footnotes":""},"class_list":["post-60","page","type-page","status-publish"],"_links":{"self":[{"href":"https:\/\/adrien-v.com\/index.php?rest_route=\/wp\/v2\/pages\/60"}],"collection":[{"href":"https:\/\/adrien-v.com\/index.php?rest_route=\/wp\/v2\/pages"}],"about":[{"href":"https:\/\/adrien-v.com\/index.php?rest_route=\/wp\/v2\/types\/page"}],"author":[{"embeddable":true,"href":"https:\/\/adrien-v.com\/index.php?rest_route=\/wp\/v2\/users\/1"}],"replies":[{"embeddable":true,"href":"https:\/\/adrien-v.com\/index.php?rest_route=%2Fwp%2Fv2%2Fcomments&post=60"}],"version-history":[{"count":17,"href":"https:\/\/adrien-v.com\/index.php?rest_route=\/wp\/v2\/pages\/60\/revisions"}],"predecessor-version":[{"id":474,"href":"https:\/\/adrien-v.com\/index.php?rest_route=\/wp\/v2\/pages\/60\/revisions\/474"}],"wp:attachment":[{"href":"https:\/\/adrien-v.com\/index.php?rest_route=%2Fwp%2Fv2%2Fmedia&parent=60"}],"curies":[{"name":"wp","href":"https:\/\/api.w.org\/{rel}","templated":true}]}}