{"id":424,"date":"2020-03-30T21:25:14","date_gmt":"2020-03-30T21:25:14","guid":{"rendered":"https:\/\/adrien-v.pul-lup.fr\/wpav\/?page_id=424"},"modified":"2020-03-30T21:26:26","modified_gmt":"2020-03-30T21:26:26","slug":"voyage-dans-le-temps","status":"publish","type":"page","link":"https:\/\/adrien-v.com\/?page_id=424&lang=fr","title":{"rendered":"Voyage dans le temps"},"content":{"rendered":"<p>Quelques exemples vid\u00e9o de contr\u00f4le du temps que j&#8217;ai impl\u00e9ment\u00e9:<\/p>\n<p><iframe loading=\"lazy\" width=\"560\" height=\"315\" src=\"https:\/\/www.youtube-nocookie.com\/embed\/videoseries?list=PLRmNUHjNpTxOY0X_fnSsiv-QAXSogkZQ4\" frameborder=\"0\" allow=\"accelerometer; autoplay; encrypted-media; gyroscope; picture-in-picture\" allowfullscreen><\/iframe><\/p>\n","protected":false},"excerpt":{"rendered":"<p>Quelques exemples vid\u00e9o de contr\u00f4le du temps que j&#8217;ai impl\u00e9ment\u00e9:<\/p>\n","protected":false},"author":1,"featured_media":0,"parent":0,"menu_order":0,"comment_status":"closed","ping_status":"closed","template":"","meta":{"footnotes":""},"class_list":["post-424","page","type-page","status-publish"],"_links":{"self":[{"href":"https:\/\/adrien-v.com\/index.php?rest_route=\/wp\/v2\/pages\/424"}],"collection":[{"href":"https:\/\/adrien-v.com\/index.php?rest_route=\/wp\/v2\/pages"}],"about":[{"href":"https:\/\/adrien-v.com\/index.php?rest_route=\/wp\/v2\/types\/page"}],"author":[{"embeddable":true,"href":"https:\/\/adrien-v.com\/index.php?rest_route=\/wp\/v2\/users\/1"}],"replies":[{"embeddable":true,"href":"https:\/\/adrien-v.com\/index.php?rest_route=%2Fwp%2Fv2%2Fcomments&post=424"}],"version-history":[{"count":1,"href":"https:\/\/adrien-v.com\/index.php?rest_route=\/wp\/v2\/pages\/424\/revisions"}],"predecessor-version":[{"id":425,"href":"https:\/\/adrien-v.com\/index.php?rest_route=\/wp\/v2\/pages\/424\/revisions\/425"}],"wp:attachment":[{"href":"https:\/\/adrien-v.com\/index.php?rest_route=%2Fwp%2Fv2%2Fmedia&parent=424"}],"curies":[{"name":"wp","href":"https:\/\/api.w.org\/{rel}","templated":true}]}}