{"id":360,"date":"2017-01-29T01:11:18","date_gmt":"2017-01-29T01:11:18","guid":{"rendered":"https:\/\/adrien-v.pul-lup.fr\/wpav\/?page_id=360"},"modified":"2020-06-29T11:26:02","modified_gmt":"2020-06-29T11:26:02","slug":"chercheur-developpeur-enseignant","status":"publish","type":"page","link":"https:\/\/adrien-v.com\/?page_id=360&lang=fr","title":{"rendered":"Chercheur, D\u00e9veloppeur, Enseignant, &#8230;"},"content":{"rendered":"<p><img loading=\"lazy\" decoding=\"async\" class=\"img-responsive aligncenter wp-image-361\" src=\"wp-content\/uploads\/AdrienVieilleribiere-1.jpg\" width=\"500\" height=\"375\" \/><\/p>\n<p>Cette page personnelle regroupe quelques informations et liens pour d\u00e9couvrir mes centres d\u2019int\u00e9r\u00eats professionnels, \u00e0 savoir :<\/p>\n<ul>\n<li>la <a href=\"?page_id=117&amp;lang=fr\">recherche <\/a><\/li>\n<li>le <a href=\"?page_id=111&amp;lang=fr\">d\u00e9veloppement<\/a><\/li>\n<li>l&#8217;<a href=\"?page_id=49&amp;lang=fr\">enseignement<\/a><\/li>\n<li>le <a href=\"?page_id=424&amp;lang=fr\">voyage dans le temps<\/a><\/li>\n<li>la <a href=\"?page_id=97&amp;lang=fr\">musique<\/a><\/li>\n<li>&#8230;<\/li>\n<\/ul>\n<p>N&#8217;h\u00e9sitez pas \u00e0 <a href=\"?page_id=31&amp;lang=fr\">me contacter<\/a> pour \u00e9changer des id\u00e9es.<\/p>\n","protected":false},"excerpt":{"rendered":"<p>Cette page personnelle regroupe quelques informations et liens pour d\u00e9couvrir mes centres d\u2019int\u00e9r\u00eats professionnels, \u00e0 savoir : la recherche le d\u00e9veloppement l&#8217;enseignement le voyage dans le temps la musique &#8230; N&#8217;h\u00e9sitez pas \u00e0 me contacter pour \u00e9changer des id\u00e9es.<\/p>\n","protected":false},"author":1,"featured_media":0,"parent":0,"menu_order":0,"comment_status":"closed","ping_status":"closed","template":"","meta":{"footnotes":""},"class_list":["post-360","page","type-page","status-publish"],"_links":{"self":[{"href":"https:\/\/adrien-v.com\/index.php?rest_route=\/wp\/v2\/pages\/360"}],"collection":[{"href":"https:\/\/adrien-v.com\/index.php?rest_route=\/wp\/v2\/pages"}],"about":[{"href":"https:\/\/adrien-v.com\/index.php?rest_route=\/wp\/v2\/types\/page"}],"author":[{"embeddable":true,"href":"https:\/\/adrien-v.com\/index.php?rest_route=\/wp\/v2\/users\/1"}],"replies":[{"embeddable":true,"href":"https:\/\/adrien-v.com\/index.php?rest_route=%2Fwp%2Fv2%2Fcomments&post=360"}],"version-history":[{"count":8,"href":"https:\/\/adrien-v.com\/index.php?rest_route=\/wp\/v2\/pages\/360\/revisions"}],"predecessor-version":[{"id":458,"href":"https:\/\/adrien-v.com\/index.php?rest_route=\/wp\/v2\/pages\/360\/revisions\/458"}],"wp:attachment":[{"href":"https:\/\/adrien-v.com\/index.php?rest_route=%2Fwp%2Fv2%2Fmedia&parent=360"}],"curies":[{"name":"wp","href":"https:\/\/api.w.org\/{rel}","templated":true}]}}