{"id":19,"date":"2015-04-10T14:40:25","date_gmt":"2015-04-10T14:40:25","guid":{"rendered":"https:\/\/adrien-v.pul-lup.fr\/wpav\/?page_id=19"},"modified":"2024-09-02T07:35:45","modified_gmt":"2024-09-02T07:35:45","slug":"education","status":"publish","type":"page","link":"https:\/\/adrien-v.com\/?page_id=19&lang=fr","title":{"rendered":"\u00c9ducation"},"content":{"rendered":"<p><img loading=\"lazy\" decoding=\"async\" class=\"img-responsive aligncenter wp-image-331\" src=\"wp-content\/uploads\/education-1.jpg\" width=\"200\" height=\"192\" \/><\/p>\n<h3>2023<\/h3>\n<p><strong>D\u00e9veloppeur Blockchain<\/strong>\u00a0chez <a href=\"https:\/\/www.alyra.fr\/\">Alyra<\/a><\/p>\n<h3>2009<\/h3>\n<p><strong>Qualification<\/strong> aux postes de <strong>Ma\u00eetre de conf\u00e9rences<\/strong> <em>n\u00b0 09227200679<\/em><\/p>\n<h3>2004 &#8211; 2008<\/h3>\n<p><strong>Th\u00e8se de doctorat<\/strong> de l&#8217;Universit\u00e9 Paris-Sud<\/p>\n<p>\u00c9quipe Algorithmique et Complexit\u00e9<\/p>\n<p>Manuscrit de th\u00e8se : &#8220;<a href=\"wp-content\/docs\/research\/phd\/adrien_vieilleribiere_these.pdf\">Transformations de Mots, d&#8217;Arbres et de Statistiques<\/a>&#8221;<\/p>\n<p>Directeur : M. de Rougemont, Professeur, Universit\u00e9 Paris II<\/p>\n<p>Jury : Nicole Bidoit, Professeur, Universit\u00e9 Paris-Sud ; Joachim Niehren, INRIA, Lille Nord Europe ; Dominique Laurent, Ma\u00eetre de conf\u00e9rence, Universit\u00e9 Cergy Pontoise ; Yuzuru Tanaka, Professeur, Hokkaido University.<\/p>\n<h3>2003 &#8211; 2004<\/h3>\n<p><strong>DEA d&#8217;Algorithmique<\/strong> (Master), sp\u00e9cialit\u00e9 Automates et V\u00e9rification<br \/>\nUniversit\u00e9 Paris VII<\/p>\n<h3>2002 \u2013 2003<\/h3>\n<p><strong>Maitrise d&#8217;Informatique<\/strong><br \/>\nUniversit\u00e9 Paris Sud (Paris XI)<\/p>\n<h3>2001 \u2013 2002<\/h3>\n<p><strong>Licence d&#8217;Informatique<\/strong><br \/>\nUniversit\u00e9 Paris Sud<\/p>\n<h3>2000 \u2013 2001<\/h3>\n<p><strong>Licence de Math\u00e9matiques fondamentales<\/strong><br \/>\nUniversit\u00e9 Paris Sud<\/p>\n<h3>1998 \u2013 2000<\/h3>\n<p><strong>MPSI-MP<\/strong> : Classe pr\u00e9paratoire (option Informatique)<br \/>\nLyc\u00e9e Descartes (Tours).<\/p>\n<h3>1998<\/h3>\n<p>Baccalaur\u00e9at Scientifique option math\u00e9matique Lyc\u00e9e Pasteur (Le Blanc).<\/p>\n","protected":false},"excerpt":{"rendered":"<p>2023 D\u00e9veloppeur Blockchain\u00a0chez Alyra 2009 Qualification aux postes de Ma\u00eetre de conf\u00e9rences n\u00b0 09227200679 2004 &#8211; 2008 Th\u00e8se de doctorat de l&#8217;Universit\u00e9 Paris-Sud \u00c9quipe Algorithmique et Complexit\u00e9 Manuscrit de th\u00e8se : &#8220;Transformations de Mots, d&#8217;Arbres et de Statistiques&#8221; Directeur : M. de Rougemont, Professeur, Universit\u00e9 Paris II Jury : Nicole Bidoit, Professeur, Universit\u00e9 Paris-Sud ;<\/p>\n<div class=\"read-more\"><a href=\"https:\/\/adrien-v.com\/?page_id=19&#038;lang=fr\" title=\"Read More\">Read More<\/a><\/div>\n","protected":false},"author":1,"featured_media":0,"parent":0,"menu_order":0,"comment_status":"open","ping_status":"open","template":"","meta":{"footnotes":""},"class_list":["post-19","page","type-page","status-publish"],"_links":{"self":[{"href":"https:\/\/adrien-v.com\/index.php?rest_route=\/wp\/v2\/pages\/19"}],"collection":[{"href":"https:\/\/adrien-v.com\/index.php?rest_route=\/wp\/v2\/pages"}],"about":[{"href":"https:\/\/adrien-v.com\/index.php?rest_route=\/wp\/v2\/types\/page"}],"author":[{"embeddable":true,"href":"https:\/\/adrien-v.com\/index.php?rest_route=\/wp\/v2\/users\/1"}],"replies":[{"embeddable":true,"href":"https:\/\/adrien-v.com\/index.php?rest_route=%2Fwp%2Fv2%2Fcomments&post=19"}],"version-history":[{"count":11,"href":"https:\/\/adrien-v.com\/index.php?rest_route=\/wp\/v2\/pages\/19\/revisions"}],"predecessor-version":[{"id":545,"href":"https:\/\/adrien-v.com\/index.php?rest_route=\/wp\/v2\/pages\/19\/revisions\/545"}],"wp:attachment":[{"href":"https:\/\/adrien-v.com\/index.php?rest_route=%2Fwp%2Fv2%2Fmedia&parent=19"}],"curies":[{"name":"wp","href":"https:\/\/api.w.org\/{rel}","templated":true}]}}