{"id":104,"date":"2017-01-28T22:24:47","date_gmt":"2017-01-28T22:24:47","guid":{"rendered":"https:\/\/adrien-v.pul-lup.fr\/wpav\/?page_id=104"},"modified":"2023-05-22T13:10:36","modified_gmt":"2023-05-22T13:10:36","slug":"cursus","status":"publish","type":"page","link":"https:\/\/adrien-v.com\/?page_id=104&lang=fr","title":{"rendered":"Fondations Professionnelles"},"content":{"rendered":"<p><img loading=\"lazy\" decoding=\"async\" class=\"img-responsive aligncenter wp-image-323\" src=\"wp-content\/uploads\/racines-501472_960_720-1.jpg\" width=\"400\" height=\"225\" \/><\/p>\n<h2>Une longue <a title=\"\u00c9ducation\" href=\"?page_id=19&amp;lang=fr\">formation<\/a> th\u00e9orique<\/h2>\n<p><strong>Automates<\/strong> (mono\u00efdes, automates d\u2019arbres, mod\u00e8les infinis \u2026), <strong>V\u00e9rification<\/strong> (logiques temporelles, MSO et ordres sup\u00e9rieurs \u2026), Algorithmique et <strong>Complexit\u00e9<\/strong>, G\u00e9om\u00e9trie algorithmique\u2026 <a title=\"\u00c9ducation\" href=\"?page_id=19&amp;lang=fr\">voir le d\u00e9tail<\/a>.<\/p>\n<h2>Une passion pour la <a title=\"Recherche\" href=\"?page_id=117&amp;lang=fr\">recherche<\/a><\/h2>\n<p>Des travaux de recherche vari\u00e9s allant de la<strong> Segmentation Audio<\/strong> \u00e0 la th\u00e9orie des langages,  en passant par l&#8217;approximation, les matro\u00efdes ou la th\u00e9orie des jeux : voir le d\u00e9tail <a title=\"Recherche\" href=\"?page_id=117&amp;lang=fr\">des sujets<\/a> ou des <a title=\"Publications et Pr\u00e9sentations\" href=\"?page_id=60&amp;lang=fr\">publications<\/a>.<\/p>\n<h2>Un <a title=\"Enseignement\" href=\"?page_id=49&amp;lang=fr\">enseignant<\/a> diversifi\u00e9<\/h2>\n<p>Des exp\u00e9riences d&#8217;enseignement \u00e0 tous les niveaux  du L2 au M2 \u00e0 l\u2019<a href=\"http:\/\/www.iut-orsay.u-psud.fr\">IUT<\/a>, l&#8217;<a href=\"http:\/\/www.u-psud.fr\">Univerist\u00e9 Paris Sud<\/a>, l&#8217;<a href=\"http:\/\/www.dauphine.fr\/\">Universit\u00e9 Paris Dauphine<\/a>, l&#8217;<a href=\"http:\/\/fr.wikipedia.org\/wiki\/%C3%89cole_polytechnique_de_l%27universit%C3%A9_Paris-Sud\">IFIPS<\/a>, l&#8217;<a href=\"https:\/\/www.polytechnique.edu\/\">\u00c9cole Polytechnique<\/a>. <a title=\"Enseignement\" href=\"?page_id=49&amp;lang=fr\">Voir le d\u00e9tail des enseignements<\/a>.<\/p>\n<h2>Un <a title=\"D\u00e9veloppement\" href=\"?page_id=111&amp;lang=fr\">d\u00e9veloppeur<\/a> polyvalent<\/h2>\n<p>Ing\u00e9nieur de recherche depuis 2008, je me suis sp\u00e9cialis\u00e9 dans les technologies Blockchain et Xml, avec la volont\u00e9 de toujours rendre disponible en ligne les outils que je cr\u00e9e. Voir les d\u00e9tails <a title=\"Exp\u00e9rience Professionnelle\" href=\"?page_id=8&amp;lang=fr\">des postes<\/a>, <a title=\"D\u00e9veloppement\" href=\"?page_id=111&amp;lang=fr\">des comp\u00e9tences et des projets<\/a>.<\/p>\n","protected":false},"excerpt":{"rendered":"<p>Une longue formation th\u00e9orique Automates (mono\u00efdes, automates d\u2019arbres, mod\u00e8les infinis \u2026), V\u00e9rification (logiques temporelles, MSO et ordres sup\u00e9rieurs \u2026), Algorithmique et Complexit\u00e9, G\u00e9om\u00e9trie algorithmique\u2026 voir le d\u00e9tail. Une passion pour la recherche Des travaux de recherche vari\u00e9s allant de la Segmentation Audio \u00e0 la th\u00e9orie des langages, en passant par l&#8217;approximation, les matro\u00efdes ou la<\/p>\n<div class=\"read-more\"><a href=\"https:\/\/adrien-v.com\/?page_id=104&#038;lang=fr\" title=\"Read More\">Read More<\/a><\/div>\n","protected":false},"author":1,"featured_media":0,"parent":0,"menu_order":0,"comment_status":"open","ping_status":"open","template":"","meta":{"footnotes":""},"class_list":["post-104","page","type-page","status-publish"],"_links":{"self":[{"href":"https:\/\/adrien-v.com\/index.php?rest_route=\/wp\/v2\/pages\/104"}],"collection":[{"href":"https:\/\/adrien-v.com\/index.php?rest_route=\/wp\/v2\/pages"}],"about":[{"href":"https:\/\/adrien-v.com\/index.php?rest_route=\/wp\/v2\/types\/page"}],"author":[{"embeddable":true,"href":"https:\/\/adrien-v.com\/index.php?rest_route=\/wp\/v2\/users\/1"}],"replies":[{"embeddable":true,"href":"https:\/\/adrien-v.com\/index.php?rest_route=%2Fwp%2Fv2%2Fcomments&post=104"}],"version-history":[{"count":11,"href":"https:\/\/adrien-v.com\/index.php?rest_route=\/wp\/v2\/pages\/104\/revisions"}],"predecessor-version":[{"id":533,"href":"https:\/\/adrien-v.com\/index.php?rest_route=\/wp\/v2\/pages\/104\/revisions\/533"}],"wp:attachment":[{"href":"https:\/\/adrien-v.com\/index.php?rest_route=%2Fwp%2Fv2%2Fmedia&parent=104"}],"curies":[{"name":"wp","href":"https:\/\/api.w.org\/{rel}","templated":true}]}}